{"id":4663,"date":"2024-06-08T07:06:09","date_gmt":"2024-06-08T07:06:09","guid":{"rendered":"https:\/\/camminodeisettelaghi.it\/blog\/"},"modified":"2026-03-19T08:17:44","modified_gmt":"2026-03-19T08:17:44","slug":"blog","status":"publish","type":"page","link":"https:\/\/camminodeisettelaghi.it\/en\/blog\/","title":{"rendered":"Blog"},"content":{"rendered":"\t\t<div data-elementor-type=\"wp-page\" data-elementor-id=\"4663\" class=\"elementor elementor-4663 elementor-3549\">\n\t\t\t\t<div class=\"elementor-element elementor-element-c2b16b9 e-grid e-con-boxed e-con e-parent\" data-id=\"c2b16b9\" data-element_type=\"container\">\n\t\t\t\t\t<div class=\"e-con-inner\">\n\t\t\t\t<div class=\"elementor-element elementor-element-3e02a6e elementor-widget elementor-widget-image\" data-id=\"3e02a6e\" data-element_type=\"widget\" data-widget_type=\"image.default\">\n\t\t\t\t<div class=\"elementor-widget-container\">\n\t\t\t\t\t\t\t\t\t\t\t\t\t\t\t\t<a href=\"https:\/\/vinosantotrentino.it\/divinnosiola-quando-il-vino-si-fa-santo\/\" target=\"_blank\">\n\t\t\t\t\t\t\t<img fetchpriority=\"high\" decoding=\"async\" width=\"800\" height=\"285\" src=\"https:\/\/camminodeisettelaghi.it\/wp-content\/uploads\/2026\/03\/solo-programma-_page-0001-1024x365.jpg\" class=\"attachment-large size-large wp-image-5028\" alt=\"\" srcset=\"https:\/\/camminodeisettelaghi.it\/wp-content\/uploads\/2026\/03\/solo-programma-_page-0001-1024x365.jpg 1024w, https:\/\/camminodeisettelaghi.it\/wp-content\/uploads\/2026\/03\/solo-programma-_page-0001-300x107.jpg 300w, https:\/\/camminodeisettelaghi.it\/wp-content\/uploads\/2026\/03\/solo-programma-_page-0001-768x274.jpg 768w, https:\/\/camminodeisettelaghi.it\/wp-content\/uploads\/2026\/03\/solo-programma-_page-0001-1536x548.jpg 1536w, https:\/\/camminodeisettelaghi.it\/wp-content\/uploads\/2026\/03\/solo-programma-_page-0001-2048x731.jpg 2048w\" sizes=\"(max-width: 800px) 100vw, 800px\" \/>\t\t\t\t\t\t\t\t<\/a>\n\t\t\t\t\t\t\t\t\t\t\t\t\t\t\t<\/div>\n\t\t\t\t<\/div>\n\t\t\t\t<div class=\"elementor-element elementor-element-cb4a7f9 elementor-widget elementor-widget-image\" data-id=\"cb4a7f9\" data-element_type=\"widget\" data-widget_type=\"image.default\">\n\t\t\t\t<div class=\"elementor-widget-container\">\n\t\t\t\t\t\t\t\t\t\t\t\t\t\t\t<img decoding=\"async\" width=\"800\" height=\"295\" src=\"https:\/\/camminodeisettelaghi.it\/wp-content\/uploads\/2026\/03\/copertina-fb-1024x378.png\" class=\"attachment-large size-large wp-image-5022\" alt=\"\" srcset=\"https:\/\/camminodeisettelaghi.it\/wp-content\/uploads\/2026\/03\/copertina-fb-1024x378.png 1024w, https:\/\/camminodeisettelaghi.it\/wp-content\/uploads\/2026\/03\/copertina-fb-300x111.png 300w, https:\/\/camminodeisettelaghi.it\/wp-content\/uploads\/2026\/03\/copertina-fb-768x284.png 768w, https:\/\/camminodeisettelaghi.it\/wp-content\/uploads\/2026\/03\/copertina-fb-1536x567.png 1536w, https:\/\/camminodeisettelaghi.it\/wp-content\/uploads\/2026\/03\/copertina-fb-2048x757.png 2048w\" sizes=\"(max-width: 800px) 100vw, 800px\" \/>\t\t\t\t\t\t\t\t\t\t\t\t\t\t\t<\/div>\n\t\t\t\t<\/div>\n\t\t\t\t<div class=\"elementor-element elementor-element-55cdfc0 elementor-widget elementor-widget-text-editor\" data-id=\"55cdfc0\" data-element_type=\"widget\" data-widget_type=\"text-editor.default\">\n\t\t\t\t<div class=\"elementor-widget-container\">\n\t\t\t\t\t\t\t\t\t<p class=\"western\" align=\"center\"><span style=\"color: #000000;\"><span style=\"font-family: Calibri, sans-serif;\"><span style=\"font-size: small;\"><b>DIVIN NOSIOLA 2026<\/b><\/span><\/span><\/span><\/p><p class=\"western\" align=\"center\"><span style=\"color: #000000;\"><span style=\"font-family: Calibri, sans-serif;\"><span style=\"font-size: small;\"><b>27 marzo &#8211; 10 aprile \u2013 Valle dei Laghi, Trentino<\/b><\/span><\/span><\/span><\/p><p class=\"western\" align=\"left\"><span style=\"color: #000000;\"><span style=\"font-family: Calibri, sans-serif;\"><span style=\"font-size: small;\">Parlare di Nosiola \u00e8 immergersi nella storia e nella tradizione vitivinicola del Trentino, la storia dell\u2019unico vitigno autoctono a bacca bianca profondamente legato al suo territorio, in particolare alle colline che circondano la Valle dei Laghi, <\/span><\/span><\/span><span style=\"color: #000000;\"><span style=\"font-family: Calibri, sans-serif;\"><span style=\"font-size: small;\">frutto del lavoro di quanti credono che sia ancora necessario attendere il tempo giusto per le cose buone.<\/span><\/span><\/span><\/p><p class=\"western\" align=\"left\"><span style=\"color: #000000;\"><span style=\"font-family: Calibri, sans-serif;\"><span style=\"font-size: small;\">Parlare di Nosiola \u00e8 parlare di un vino importante che affonda le radici in un territorio ricco di storia e di tradizioni che <\/span><\/span><\/span><em><span style=\"color: #000000;\"><span style=\"font-family: Calibri, sans-serif;\"><span style=\"font-size: small;\">ne racconta la sua bellezza, la sua cultura e la sua gente. <\/span><\/span><\/span><\/em><\/p><p class=\"western\" align=\"left\"><span style=\"color: #000000;\"><span style=\"font-family: Calibri, sans-serif;\"><span style=\"font-size: small;\">Parlare di Vino Santo \u00e8 parlare di storia di comunit\u00e0. Il Vino Santo \u00e8 il passito dei passiti prodotto a Sarche gi\u00e0 dal 1550, \u00a0dove un inventario menziona \u201c<\/span><\/span><\/span><span style=\"color: #000000;\"><span style=\"font-family: Calibri, sans-serif;\"><span style=\"font-size: small;\"><i>cadara vini sancti in cellario sub hospitio<\/i><\/span><\/span><\/span><span style=\"color: #000000;\"><span style=\"font-family: Calibri, sans-serif;\"><span style=\"font-size: small;\">\u201d<\/span><\/span><\/span><span style=\"color: #000000;\"><span style=\"font-family: Calibri, sans-serif;\"><span style=\"font-size: small;\">, che risulta la pi\u00f9 antica attestazione della produzione di questo vino in Valle dei laghi e nell&#8217;Ottocento documenti testimoniano che veniva \u00a0esportato in tutta Europa (Parigi, Anversa, Trieste) e anche in Australia.<\/span><\/span><\/span><\/p><p class=\"western\" align=\"left\"><span style=\"color: #000000;\"><span style=\"font-family: Calibri, sans-serif;\"><span style=\"font-size: small;\">La sua produzione \u00e8 un rito, u<\/span><\/span><\/span><span style=\"color: #000000;\"><span style=\"font-family: Calibri, sans-serif;\"><span style=\"font-size: small;\">n rito che diventa occasione di incontro e di condivisione <\/span><\/span><\/span><span style=\"color: #000000;\"><span style=\"font-family: Calibri, sans-serif;\"><span style=\"font-size: small;\">di un <\/span><\/span><\/span><span style=\"color: #000000;\"><span style=\"font-family: Calibri, sans-serif;\"><span style=\"font-size: small;\">vino frutto di un lavoro corale e di antiche tradizioni. Tra queste il Rito della Spremitura che \u00e8 diventato nel tempo uno dei momenti simbolicamente pi\u00f9 importanti della Valle dei Laghi e che si svolge in occasione della Settimana Santa.<\/span><\/span><\/span><\/p>\t\t\t\t\t\t\t\t<\/div>\n\t\t\t\t<\/div>\n\t\t\t\t\t<\/div>\n\t\t\t\t<\/div>\n\t\t<div class=\"elementor-element elementor-element-dd21bd4 e-flex e-con-boxed e-con e-parent\" data-id=\"dd21bd4\" data-element_type=\"container\">\n\t\t\t\t\t<div class=\"e-con-inner\">\n\t\t\t\t\t<\/div>\n\t\t\t\t<\/div>\n\t\t\t\t<\/div>\n\t\t","protected":false},"excerpt":{"rendered":"<p>DIVIN NOSIOLA 2026 27 marzo &#8211; 10 aprile \u2013 Valle dei Laghi, Trentino Parlare di Nosiola \u00e8 immergersi nella storia e nella tradizione vitivinicola del Trentino, la storia dell\u2019unico vitigno autoctono a bacca bianca profondamente legato al suo territorio, in particolare alle colline che circondano la Valle dei Laghi, frutto del lavoro di quanti credono [&hellip;]<\/p>\n","protected":false},"author":2,"featured_media":3537,"parent":0,"menu_order":0,"comment_status":"closed","ping_status":"closed","template":"","meta":{"footnotes":""},"class_list":["post-4663","page","type-page","status-publish","has-post-thumbnail","hentry"],"yoast_head":"<!-- This site is optimized with the Yoast SEO plugin v26.3 - https:\/\/yoast.com\/wordpress\/plugins\/seo\/ -->\n<title>Blog - Cammino dei Sette Laghi<\/title>\n<meta name=\"description\" content=\"Il progetto si inserisce nel territorio della Valle dei Laghi, uno dei pi\u00f9 affascinanti sebbene meno conosciuti del Trentino. Qui si scopre il fascino del silenzio, tra vitigni e boschi di lecci, mura antiche e paesaggi mozzafiato. In un Cammino che porter\u00e0 ad un\u2019immersione in angoli inesplorati di una natura che sa ancora essere incontaminata e tutta da scoprire, a passo lento e con ogni senso aperto alla meraviglia.I Sette Laghi sono uniti tra loro da questo Cammino, in un percorso ad anello di circa ottanta chilometri, che si snoda alle pendici delle catene montuose, lungo le rive della Sarca e tra mulattiere e sentieri che conservano segni di un passato che non va dimenticato.Il Cammino \u00e8 suddiviso in cinque tappe di altrettanti giorni, che porteranno lungo i sette incantevoli laghi alpini del territorio, tra vigneti secolari, borghi antichi, chiesette incastonate, castelli medievali e vie romane. Un cammino che unisce natura e cultura, paesaggi e incontri, colori e sapori, saperi e incontri.\" \/>\n<meta name=\"robots\" content=\"index, follow, max-snippet:-1, max-image-preview:large, max-video-preview:-1\" \/>\n<link rel=\"canonical\" href=\"https:\/\/camminodeisettelaghi.it\/blog\/\" \/>\n<meta property=\"og:locale\" content=\"en_US\" \/>\n<meta property=\"og:type\" content=\"article\" \/>\n<meta property=\"og:title\" content=\"Blog - Cammino dei Sette Laghi\" \/>\n<meta property=\"og:description\" content=\"Il progetto si inserisce nel territorio della Valle dei Laghi, uno dei pi\u00f9 affascinanti sebbene meno conosciuti del Trentino. Qui si scopre il fascino del silenzio, tra vitigni e boschi di lecci, mura antiche e paesaggi mozzafiato. In un Cammino che porter\u00e0 ad un\u2019immersione in angoli inesplorati di una natura che sa ancora essere incontaminata e tutta da scoprire, a passo lento e con ogni senso aperto alla meraviglia.I Sette Laghi sono uniti tra loro da questo Cammino, in un percorso ad anello di circa ottanta chilometri, che si snoda alle pendici delle catene montuose, lungo le rive della Sarca e tra mulattiere e sentieri che conservano segni di un passato che non va dimenticato.Il Cammino \u00e8 suddiviso in cinque tappe di altrettanti giorni, che porteranno lungo i sette incantevoli laghi alpini del territorio, tra vigneti secolari, borghi antichi, chiesette incastonate, castelli medievali e vie romane. Un cammino che unisce natura e cultura, paesaggi e incontri, colori e sapori, saperi e incontri.\" \/>\n<meta property=\"og:url\" content=\"https:\/\/camminodeisettelaghi.it\/blog\/\" \/>\n<meta property=\"og:site_name\" content=\"Cammino dei Sette Laghi\" \/>\n<meta property=\"article:modified_time\" content=\"2026-03-19T08:17:44+00:00\" \/>\n<meta property=\"og:image\" content=\"https:\/\/camminodeisettelaghi.it\/wp-content\/uploads\/2024\/06\/WhatsApp-Image-2024-06-02-at-08.01.37.jpeg\" \/>\n\t<meta property=\"og:image:width\" content=\"1152\" \/>\n\t<meta property=\"og:image:height\" content=\"2048\" \/>\n\t<meta property=\"og:image:type\" content=\"image\/jpeg\" \/>\n<meta name=\"twitter:card\" content=\"summary_large_image\" \/>\n<meta name=\"twitter:label1\" content=\"Est. reading time\" \/>\n\t<meta name=\"twitter:data1\" content=\"1 minute\" \/>\n<script type=\"application\/ld+json\" class=\"yoast-schema-graph\">{\"@context\":\"https:\/\/schema.org\",\"@graph\":[{\"@type\":\"WebPage\",\"@id\":\"https:\/\/camminodeisettelaghi.it\/blog\/\",\"url\":\"https:\/\/camminodeisettelaghi.it\/blog\/\",\"name\":\"Blog - Cammino dei Sette Laghi\",\"isPartOf\":{\"@id\":\"https:\/\/camminodeisettelaghi.it\/#website\"},\"primaryImageOfPage\":{\"@id\":\"https:\/\/camminodeisettelaghi.it\/blog\/#primaryimage\"},\"image\":{\"@id\":\"https:\/\/camminodeisettelaghi.it\/blog\/#primaryimage\"},\"thumbnailUrl\":\"https:\/\/camminodeisettelaghi.it\/wp-content\/uploads\/2024\/06\/WhatsApp-Image-2024-06-02-at-08.01.37.jpeg\",\"datePublished\":\"2024-06-08T07:06:09+00:00\",\"dateModified\":\"2026-03-19T08:17:44+00:00\",\"description\":\"Il progetto si inserisce nel territorio della Valle dei Laghi, uno dei pi\u00f9 affascinanti sebbene meno conosciuti del Trentino. Qui si scopre il fascino del silenzio, tra vitigni e boschi di lecci, mura antiche e paesaggi mozzafiato. In un Cammino che porter\u00e0 ad un\u2019immersione in angoli inesplorati di una natura che sa ancora essere incontaminata e tutta da scoprire, a passo lento e con ogni senso aperto alla meraviglia.I Sette Laghi sono uniti tra loro da questo Cammino, in un percorso ad anello di circa ottanta chilometri, che si snoda alle pendici delle catene montuose, lungo le rive della Sarca e tra mulattiere e sentieri che conservano segni di un passato che non va dimenticato.Il Cammino \u00e8 suddiviso in cinque tappe di altrettanti giorni, che porteranno lungo i sette incantevoli laghi alpini del territorio, tra vigneti secolari, borghi antichi, chiesette incastonate, castelli medievali e vie romane. Un cammino che unisce natura e cultura, paesaggi e incontri, colori e sapori, saperi e incontri.\",\"breadcrumb\":{\"@id\":\"https:\/\/camminodeisettelaghi.it\/blog\/#breadcrumb\"},\"inLanguage\":\"en-US\",\"potentialAction\":[{\"@type\":\"ReadAction\",\"target\":[\"https:\/\/camminodeisettelaghi.it\/blog\/\"]}]},{\"@type\":\"ImageObject\",\"inLanguage\":\"en-US\",\"@id\":\"https:\/\/camminodeisettelaghi.it\/blog\/#primaryimage\",\"url\":\"https:\/\/camminodeisettelaghi.it\/wp-content\/uploads\/2024\/06\/WhatsApp-Image-2024-06-02-at-08.01.37.jpeg\",\"contentUrl\":\"https:\/\/camminodeisettelaghi.it\/wp-content\/uploads\/2024\/06\/WhatsApp-Image-2024-06-02-at-08.01.37.jpeg\",\"width\":1152,\"height\":2048},{\"@type\":\"BreadcrumbList\",\"@id\":\"https:\/\/camminodeisettelaghi.it\/blog\/#breadcrumb\",\"itemListElement\":[{\"@type\":\"ListItem\",\"position\":1,\"name\":\"Home\",\"item\":\"https:\/\/camminodeisettelaghi.it\/\"},{\"@type\":\"ListItem\",\"position\":2,\"name\":\"Blog\"}]},{\"@type\":\"WebSite\",\"@id\":\"https:\/\/camminodeisettelaghi.it\/#website\",\"url\":\"https:\/\/camminodeisettelaghi.it\/\",\"name\":\"Cammino dei Sette Laghi\",\"description\":\"Ognuno deve cercare a modo suo, ognuno deve fare il proprio cammino, perch\u00e9 uno stesso posto pu\u00f2 significare cose diverse a seconda di chi lo visita.\",\"potentialAction\":[{\"@type\":\"SearchAction\",\"target\":{\"@type\":\"EntryPoint\",\"urlTemplate\":\"https:\/\/camminodeisettelaghi.it\/?s={search_term_string}\"},\"query-input\":{\"@type\":\"PropertyValueSpecification\",\"valueRequired\":true,\"valueName\":\"search_term_string\"}}],\"inLanguage\":\"en-US\"}]}<\/script>\n<!-- \/ Yoast SEO plugin. -->","yoast_head_json":{"title":"Blog - Cammino dei Sette Laghi","description":"Il progetto si inserisce nel territorio della Valle dei Laghi, uno dei pi\u00f9 affascinanti sebbene meno conosciuti del Trentino. Qui si scopre il fascino del silenzio, tra vitigni e boschi di lecci, mura antiche e paesaggi mozzafiato. In un Cammino che porter\u00e0 ad un\u2019immersione in angoli inesplorati di una natura che sa ancora essere incontaminata e tutta da scoprire, a passo lento e con ogni senso aperto alla meraviglia.I Sette Laghi sono uniti tra loro da questo Cammino, in un percorso ad anello di circa ottanta chilometri, che si snoda alle pendici delle catene montuose, lungo le rive della Sarca e tra mulattiere e sentieri che conservano segni di un passato che non va dimenticato.Il Cammino \u00e8 suddiviso in cinque tappe di altrettanti giorni, che porteranno lungo i sette incantevoli laghi alpini del territorio, tra vigneti secolari, borghi antichi, chiesette incastonate, castelli medievali e vie romane. Un cammino che unisce natura e cultura, paesaggi e incontri, colori e sapori, saperi e incontri.","robots":{"index":"index","follow":"follow","max-snippet":"max-snippet:-1","max-image-preview":"max-image-preview:large","max-video-preview":"max-video-preview:-1"},"canonical":"https:\/\/camminodeisettelaghi.it\/blog\/","og_locale":"en_US","og_type":"article","og_title":"Blog - Cammino dei Sette Laghi","og_description":"Il progetto si inserisce nel territorio della Valle dei Laghi, uno dei pi\u00f9 affascinanti sebbene meno conosciuti del Trentino. Qui si scopre il fascino del silenzio, tra vitigni e boschi di lecci, mura antiche e paesaggi mozzafiato. In un Cammino che porter\u00e0 ad un\u2019immersione in angoli inesplorati di una natura che sa ancora essere incontaminata e tutta da scoprire, a passo lento e con ogni senso aperto alla meraviglia.I Sette Laghi sono uniti tra loro da questo Cammino, in un percorso ad anello di circa ottanta chilometri, che si snoda alle pendici delle catene montuose, lungo le rive della Sarca e tra mulattiere e sentieri che conservano segni di un passato che non va dimenticato.Il Cammino \u00e8 suddiviso in cinque tappe di altrettanti giorni, che porteranno lungo i sette incantevoli laghi alpini del territorio, tra vigneti secolari, borghi antichi, chiesette incastonate, castelli medievali e vie romane. Un cammino che unisce natura e cultura, paesaggi e incontri, colori e sapori, saperi e incontri.","og_url":"https:\/\/camminodeisettelaghi.it\/blog\/","og_site_name":"Cammino dei Sette Laghi","article_modified_time":"2026-03-19T08:17:44+00:00","og_image":[{"width":1152,"height":2048,"url":"https:\/\/camminodeisettelaghi.it\/wp-content\/uploads\/2024\/06\/WhatsApp-Image-2024-06-02-at-08.01.37.jpeg","type":"image\/jpeg"}],"twitter_card":"summary_large_image","twitter_misc":{"Est. reading time":"1 minute"},"schema":{"@context":"https:\/\/schema.org","@graph":[{"@type":"WebPage","@id":"https:\/\/camminodeisettelaghi.it\/blog\/","url":"https:\/\/camminodeisettelaghi.it\/blog\/","name":"Blog - Cammino dei Sette Laghi","isPartOf":{"@id":"https:\/\/camminodeisettelaghi.it\/#website"},"primaryImageOfPage":{"@id":"https:\/\/camminodeisettelaghi.it\/blog\/#primaryimage"},"image":{"@id":"https:\/\/camminodeisettelaghi.it\/blog\/#primaryimage"},"thumbnailUrl":"https:\/\/camminodeisettelaghi.it\/wp-content\/uploads\/2024\/06\/WhatsApp-Image-2024-06-02-at-08.01.37.jpeg","datePublished":"2024-06-08T07:06:09+00:00","dateModified":"2026-03-19T08:17:44+00:00","description":"Il progetto si inserisce nel territorio della Valle dei Laghi, uno dei pi\u00f9 affascinanti sebbene meno conosciuti del Trentino. Qui si scopre il fascino del silenzio, tra vitigni e boschi di lecci, mura antiche e paesaggi mozzafiato. In un Cammino che porter\u00e0 ad un\u2019immersione in angoli inesplorati di una natura che sa ancora essere incontaminata e tutta da scoprire, a passo lento e con ogni senso aperto alla meraviglia.I Sette Laghi sono uniti tra loro da questo Cammino, in un percorso ad anello di circa ottanta chilometri, che si snoda alle pendici delle catene montuose, lungo le rive della Sarca e tra mulattiere e sentieri che conservano segni di un passato che non va dimenticato.Il Cammino \u00e8 suddiviso in cinque tappe di altrettanti giorni, che porteranno lungo i sette incantevoli laghi alpini del territorio, tra vigneti secolari, borghi antichi, chiesette incastonate, castelli medievali e vie romane. Un cammino che unisce natura e cultura, paesaggi e incontri, colori e sapori, saperi e incontri.","breadcrumb":{"@id":"https:\/\/camminodeisettelaghi.it\/blog\/#breadcrumb"},"inLanguage":"en-US","potentialAction":[{"@type":"ReadAction","target":["https:\/\/camminodeisettelaghi.it\/blog\/"]}]},{"@type":"ImageObject","inLanguage":"en-US","@id":"https:\/\/camminodeisettelaghi.it\/blog\/#primaryimage","url":"https:\/\/camminodeisettelaghi.it\/wp-content\/uploads\/2024\/06\/WhatsApp-Image-2024-06-02-at-08.01.37.jpeg","contentUrl":"https:\/\/camminodeisettelaghi.it\/wp-content\/uploads\/2024\/06\/WhatsApp-Image-2024-06-02-at-08.01.37.jpeg","width":1152,"height":2048},{"@type":"BreadcrumbList","@id":"https:\/\/camminodeisettelaghi.it\/blog\/#breadcrumb","itemListElement":[{"@type":"ListItem","position":1,"name":"Home","item":"https:\/\/camminodeisettelaghi.it\/"},{"@type":"ListItem","position":2,"name":"Blog"}]},{"@type":"WebSite","@id":"https:\/\/camminodeisettelaghi.it\/#website","url":"https:\/\/camminodeisettelaghi.it\/","name":"Cammino dei Sette Laghi","description":"Ognuno deve cercare a modo suo, ognuno deve fare il proprio cammino, perch\u00e9 uno stesso posto pu\u00f2 significare cose diverse a seconda di chi lo visita.","potentialAction":[{"@type":"SearchAction","target":{"@type":"EntryPoint","urlTemplate":"https:\/\/camminodeisettelaghi.it\/?s={search_term_string}"},"query-input":{"@type":"PropertyValueSpecification","valueRequired":true,"valueName":"search_term_string"}}],"inLanguage":"en-US"}]}},"_links":{"self":[{"href":"https:\/\/camminodeisettelaghi.it\/en\/wp-json\/wp\/v2\/pages\/4663","targetHints":{"allow":["GET"]}}],"collection":[{"href":"https:\/\/camminodeisettelaghi.it\/en\/wp-json\/wp\/v2\/pages"}],"about":[{"href":"https:\/\/camminodeisettelaghi.it\/en\/wp-json\/wp\/v2\/types\/page"}],"author":[{"embeddable":true,"href":"https:\/\/camminodeisettelaghi.it\/en\/wp-json\/wp\/v2\/users\/2"}],"replies":[{"embeddable":true,"href":"https:\/\/camminodeisettelaghi.it\/en\/wp-json\/wp\/v2\/comments?post=4663"}],"version-history":[{"count":1,"href":"https:\/\/camminodeisettelaghi.it\/en\/wp-json\/wp\/v2\/pages\/4663\/revisions"}],"predecessor-version":[{"id":5032,"href":"https:\/\/camminodeisettelaghi.it\/en\/wp-json\/wp\/v2\/pages\/4663\/revisions\/5032"}],"wp:featuredmedia":[{"embeddable":true,"href":"https:\/\/camminodeisettelaghi.it\/en\/wp-json\/wp\/v2\/media\/3537"}],"wp:attachment":[{"href":"https:\/\/camminodeisettelaghi.it\/en\/wp-json\/wp\/v2\/media?parent=4663"}],"curies":[{"name":"wp","href":"https:\/\/api.w.org\/{rel}","templated":true}]}}